{"id":422,"date":"2025-05-13T13:53:42","date_gmt":"2025-05-13T11:53:42","guid":{"rendered":"https:\/\/belysia.fr\/index.php\/panier\/"},"modified":"2025-05-13T13:53:42","modified_gmt":"2025-05-13T11:53:42","slug":"panier","status":"publish","type":"page","link":"https:\/\/belysia.fr\/index.php\/panier\/","title":{"rendered":"Panier"},"content":{"rendered":"\n<div data-block-name=\"woocommerce\/cart\" class=\"wp-block-woocommerce-cart alignwide is-loading\">\n<div data-block-name=\"woocommerce\/filled-cart-block\" class=\"wp-block-woocommerce-filled-cart-block\">\n<div data-block-name=\"woocommerce\/cart-items-block\" class=\"wp-block-woocommerce-cart-items-block\">\n<div data-block-name=\"woocommerce\/cart-line-items-block\" class=\"wp-block-woocommerce-cart-line-items-block\"><\/div>\n\n\n\n<div data-block-name=\"woocommerce\/cart-cross-sells-block\" class=\"wp-block-woocommerce-cart-cross-sells-block\">\n<h2 class=\"wp-block-heading has-large-font-size\">\u00c7a peut vous int\u00e9resser&#8230;<\/h2>\n\n\n\n<div data-block-name=\"woocommerce\/cart-cross-sells-products-block\" class=\"wp-block-woocommerce-cart-cross-sells-products-block\"><\/div>\n<\/div>\n<\/div>\n\n\n\n<div data-block-name=\"woocommerce\/cart-totals-block\" class=\"wp-block-woocommerce-cart-totals-block\">\n<div data-block-name=\"woocommerce\/cart-order-summary-block\" class=\"wp-block-woocommerce-cart-order-summary-block\">\n<div data-block-name=\"woocommerce\/cart-order-summary-heading-block\" class=\"wp-block-woocommerce-cart-order-summary-heading-block\"><\/div><div data-block-name=\"woocommerce\/cart-order-summary-coupon-form-block\" class=\"wp-block-woocommerce-cart-order-summary-coupon-form-block\"><\/div><div data-block-name=\"woocommerce\/cart-order-summary-totals-block\" class=\"wp-block-woocommerce-cart-order-summary-totals-block\">\n<div data-block-name=\"woocommerce\/cart-order-summary-subtotal-block\" class=\"wp-block-woocommerce-cart-order-summary-subtotal-block\"><\/div>\n<div data-block-name=\"woocommerce\/cart-order-summary-discount-block\" class=\"wp-block-woocommerce-cart-order-summary-discount-block\"><\/div>\n<div data-block-name=\"woocommerce\/cart-order-summary-fee-block\" class=\"wp-block-woocommerce-cart-order-summary-fee-block\"><\/div>\n<div data-block-name=\"woocommerce\/cart-order-summary-shipping-block\" class=\"wp-block-woocommerce-cart-order-summary-shipping-block\"><\/div>\n<div data-block-name=\"woocommerce\/cart-order-summary-taxes-block\" class=\"wp-block-woocommerce-cart-order-summary-taxes-block\"><\/div><\/div>\n<\/div>\n\n\n\n<div data-block-name=\"woocommerce-paypal-payments\/cart-paylater-messages\" data-pp-placement=\"cart\" data-pp-style-layout=\"text\" data-pp-style-logo-position=\"\" data-pp-style-logo-type=\"\" data-pp-style-text-color=\"\" data-pp-style-text-size=\"\" id=\"ppcp-cart-paylater-messages\" class=\"ppcp-messages\" data-partner-attribution-id=\"Woo_PPCP\"><\/div><div data-block-name=\"woocommerce\/cart-express-payment-block\" class=\"wp-block-woocommerce-cart-express-payment-block\"><\/div>\n\n\n\n<div data-block-name=\"woocommerce\/proceed-to-checkout-block\" class=\"wp-block-woocommerce-proceed-to-checkout-block\"><\/div>\n<div id=\"ppcp-recaptcha-v2-container\" style=\"margin:20px 0;\"><\/div>\n\n\n<div data-block-name=\"woocommerce\/cart-accepted-payment-methods-block\" class=\"wp-block-woocommerce-cart-accepted-payment-methods-block\"><\/div>\n<\/div>\n<\/div>\n\n\n\n<div data-block-name=\"woocommerce\/empty-cart-block\" class=\"wp-block-woocommerce-empty-cart-block\">\n<h2 class=\"wp-block-heading has-text-align-center with-empty-cart-icon wc-block-cart__empty-cart__title\">Votre panier est actuellement vide\u00a0!<\/h2>\n\n\n\n<hr class=\"wp-block-separator has-alpha-channel-opacity is-style-dots\"\/>\n\n\n\n<h2 class=\"wp-block-heading has-text-align-center\">Nouveau dans la boutique<\/h2>\n\n\n<div data-block-name=\"woocommerce\/product-new\" data-columns=\"4\" data-rows=\"1\" class=\"wc-block-grid wp-block-product-new wp-block-woocommerce-product-new wc-block-product-new has-4-columns\"><ul class=\"wc-block-grid__products\"><li class=\"wc-block-grid__product\">\n\t\t\t\t<a href=\"https:\/\/belysia.fr\/index.php\/produit\/horloge-murale-couchant-dor\/\" class=\"wc-block-grid__product-link\">\n\t\t\t\t\t\n\t\t\t\t\t<div class=\"wc-block-grid__product-image\"><img fetchpriority=\"high\" decoding=\"async\" width=\"300\" height=\"300\" src=\"https:\/\/belysia.fr\/wp-content\/uploads\/2025\/09\/IMG_20240327_134424_781-300x300.webp\" class=\"attachment-woocommerce_thumbnail size-woocommerce_thumbnail\" alt=\"Horloge murale Carla\" srcset=\"https:\/\/belysia.fr\/wp-content\/uploads\/2025\/09\/IMG_20240327_134424_781-300x300.webp 300w, https:\/\/belysia.fr\/wp-content\/uploads\/2025\/09\/IMG_20240327_134424_781-1024x1024.webp 1024w, https:\/\/belysia.fr\/wp-content\/uploads\/2025\/09\/IMG_20240327_134424_781-150x150.webp 150w, https:\/\/belysia.fr\/wp-content\/uploads\/2025\/09\/IMG_20240327_134424_781-768x768.webp 768w, https:\/\/belysia.fr\/wp-content\/uploads\/2025\/09\/IMG_20240327_134424_781-600x600.webp 600w, https:\/\/belysia.fr\/wp-content\/uploads\/2025\/09\/IMG_20240327_134424_781-100x100.webp 100w, https:\/\/belysia.fr\/wp-content\/uploads\/2025\/09\/IMG_20240327_134424_781.webp 1440w\" sizes=\"(max-width: 300px) 100vw, 300px\" \/><\/div>\n\t\t\t\t\t<div class=\"wc-block-grid__product-title\">Horloge murale Carla<\/div>\n\t\t\t\t<\/a>\n\t\t\t\t<div class=\"wc-block-grid__product-price price\"><span class=\"woocommerce-Price-amount amount\">60,00&nbsp;<span class=\"woocommerce-Price-currencySymbol\">&euro;<\/span><\/span><\/div>\n\t\t\t\t\n\t\t\t\t<div class=\"wp-block-button wc-block-grid__product-add-to-cart\"><a href=\"https:\/\/belysia.fr\/index.php\/produit\/horloge-murale-couchant-dor\/\" aria-label=\"Select options for &ldquo;Horloge murale Carla&rdquo;\" data-quantity=\"1\" data-product_id=\"883\" data-product_sku=\"\" data-price=\"60\" rel=\"nofollow\" class=\"wp-block-button__link  add_to_cart_button\">Select options<\/a><\/div>\n\t\t\t<\/li><li class=\"wc-block-grid__product\">\n\t\t\t\t<a href=\"https:\/\/belysia.fr\/index.php\/produit\/planche-a-decouper\/\" class=\"wc-block-grid__product-link\">\n\t\t\t\t\t\n\t\t\t\t\t<div class=\"wc-block-grid__product-image\"><img decoding=\"async\" width=\"300\" height=\"300\" src=\"https:\/\/belysia.fr\/wp-content\/uploads\/2025\/09\/20250814_125149-scaled-e1758030634827-300x300.jpg\" class=\"attachment-woocommerce_thumbnail size-woocommerce_thumbnail\" alt=\"Planche \u00e0 D\u00e9couper\" srcset=\"https:\/\/belysia.fr\/wp-content\/uploads\/2025\/09\/20250814_125149-scaled-e1758030634827-300x300.jpg 300w, https:\/\/belysia.fr\/wp-content\/uploads\/2025\/09\/20250814_125149-scaled-e1758030634827-150x150.jpg 150w, https:\/\/belysia.fr\/wp-content\/uploads\/2025\/09\/20250814_125149-scaled-e1758030634827-600x600.jpg 600w, https:\/\/belysia.fr\/wp-content\/uploads\/2025\/09\/20250814_125149-scaled-e1758030634827-100x100.jpg 100w\" sizes=\"(max-width: 300px) 100vw, 300px\" \/><\/div>\n\t\t\t\t\t<div class=\"wc-block-grid__product-title\">Planche \u00e0 D\u00e9couper<\/div>\n\t\t\t\t<\/a>\n\t\t\t\t<div class=\"wc-block-grid__product-price price\"><span class=\"woocommerce-Price-amount amount\">35,00&nbsp;<span class=\"woocommerce-Price-currencySymbol\">&euro;<\/span><\/span><\/div>\n\t\t\t\t\n\t\t\t\t<div class=\"wp-block-button wc-block-grid__product-add-to-cart\"><a href=\"https:\/\/belysia.fr\/index.php\/produit\/planche-a-decouper\/\" aria-label=\"Select options for &ldquo;Planche \u00e0 D\u00e9couper&rdquo;\" data-quantity=\"1\" data-product_id=\"863\" data-product_sku=\"\" data-price=\"35\" rel=\"nofollow\" class=\"wp-block-button__link  add_to_cart_button\">Select options<\/a><\/div>\n\t\t\t<\/li><li class=\"wc-block-grid__product\">\n\t\t\t\t<a href=\"https:\/\/belysia.fr\/index.php\/produit\/arbre-de-vie\/\" class=\"wc-block-grid__product-link\">\n\t\t\t\t\t\n\t\t\t\t\t<div class=\"wc-block-grid__product-image\"><img decoding=\"async\" width=\"300\" height=\"300\" src=\"https:\/\/belysia.fr\/wp-content\/uploads\/2025\/05\/Arbre-de-vie-bleu-scaled-300x300.jpg\" class=\"attachment-woocommerce_thumbnail size-woocommerce_thumbnail\" alt=\"Arbre de vie bleu\" srcset=\"https:\/\/belysia.fr\/wp-content\/uploads\/2025\/05\/Arbre-de-vie-bleu-scaled-300x300.jpg 300w, https:\/\/belysia.fr\/wp-content\/uploads\/2025\/05\/Arbre-de-vie-bleu-scaled-100x100.jpg 100w\" sizes=\"(max-width: 300px) 100vw, 300px\" \/><\/div>\n\t\t\t\t\t<div class=\"wc-block-grid__product-title\">Arbre de vie<\/div>\n\t\t\t\t<\/a>\n\t\t\t\t<div class=\"wc-block-grid__product-price price\"><span class=\"woocommerce-Price-amount amount\">25,00&nbsp;<span class=\"woocommerce-Price-currencySymbol\">&euro;<\/span><\/span><\/div>\n\t\t\t\t\n\t\t\t\t<div class=\"wp-block-button wc-block-grid__product-add-to-cart\"><a href=\"https:\/\/belysia.fr\/index.php\/produit\/arbre-de-vie\/\" aria-label=\"Select options for &ldquo;Arbre de vie&rdquo;\" data-quantity=\"1\" data-product_id=\"702\" data-product_sku=\"\" data-price=\"25\" rel=\"nofollow\" class=\"wp-block-button__link  add_to_cart_button\">Select options<\/a><\/div>\n\t\t\t<\/li><li class=\"wc-block-grid__product\">\n\t\t\t\t<a href=\"https:\/\/belysia.fr\/index.php\/produit\/fleur-de-vie-chakras-resine-epoxy-colore-energie\/\" class=\"wc-block-grid__product-link\">\n\t\t\t\t\t\n\t\t\t\t\t<div class=\"wc-block-grid__product-image\"><img loading=\"lazy\" decoding=\"async\" width=\"300\" height=\"300\" src=\"https:\/\/belysia.fr\/wp-content\/uploads\/2025\/04\/Screenshot_20250422_081706_Instagram-300x300.jpg\" class=\"attachment-woocommerce_thumbnail size-woocommerce_thumbnail\" alt=\"Fleur de vie aux 7 couleurs\" srcset=\"https:\/\/belysia.fr\/wp-content\/uploads\/2025\/04\/Screenshot_20250422_081706_Instagram-300x300.jpg 300w, https:\/\/belysia.fr\/wp-content\/uploads\/2025\/04\/Screenshot_20250422_081706_Instagram-150x150.jpg 150w, https:\/\/belysia.fr\/wp-content\/uploads\/2025\/04\/Screenshot_20250422_081706_Instagram-600x600.jpg 600w, https:\/\/belysia.fr\/wp-content\/uploads\/2025\/04\/Screenshot_20250422_081706_Instagram-100x100.jpg 100w\" sizes=\"(max-width: 300px) 100vw, 300px\" \/><\/div>\n\t\t\t\t\t<div class=\"wc-block-grid__product-title\">Fleur de vie<\/div>\n\t\t\t\t<\/a>\n\t\t\t\t<div class=\"wc-block-grid__product-price price\"><span class=\"woocommerce-Price-amount amount\" aria-hidden=\"true\">25,00&nbsp;<span class=\"woocommerce-Price-currencySymbol\">&euro;<\/span><\/span> <span aria-hidden=\"true\">&ndash;<\/span> <span class=\"woocommerce-Price-amount amount\" aria-hidden=\"true\">35,00&nbsp;<span class=\"woocommerce-Price-currencySymbol\">&euro;<\/span><\/span><span class=\"screen-reader-text\">Price range: 25,00&nbsp;&euro; through 35,00&nbsp;&euro;<\/span><\/div>\n\t\t\t\t\n\t\t\t\t<div class=\"wp-block-button wc-block-grid__product-add-to-cart\"><a href=\"https:\/\/belysia.fr\/index.php\/produit\/fleur-de-vie-chakras-resine-epoxy-colore-energie\/\" aria-label=\"Select options for &ldquo;Fleur de vie&rdquo;\" data-quantity=\"1\" data-product_id=\"587\" data-product_sku=\"\" data-price=\"25\" rel=\"nofollow\" class=\"wp-block-button__link  add_to_cart_button\">Select options<\/a><\/div>\n\t\t\t<\/li><\/ul><\/div><\/div>\n<\/div>\n","protected":false},"excerpt":{"rendered":"","protected":false},"author":1,"featured_media":0,"parent":0,"menu_order":0,"comment_status":"closed","ping_status":"closed","template":"","meta":{"sfsi_plus_gutenberg_text_before_share":"","sfsi_plus_gutenberg_show_text_before_share":"","sfsi_plus_gutenberg_icon_type":"","sfsi_plus_gutenberg_icon_alignemt":"","sfsi_plus_gutenburg_max_per_row":"","footnotes":""},"class_list":["post-422","page","type-page","status-publish","hentry","entry","owp-thumbs-layout-horizontal","owp-btn-normal","owp-tabs-layout-horizontal","has-no-thumbnails","has-product-nav"],"yoast_head":"<!-- This site is optimized with the Yoast SEO plugin v26.6 - https:\/\/yoast.com\/wordpress\/plugins\/seo\/ -->\n<title>Panier - Belysia Cr\u00e9ations<\/title>\n<meta name=\"robots\" content=\"index, follow, max-snippet:-1, max-image-preview:large, max-video-preview:-1\" \/>\n<link rel=\"canonical\" href=\"https:\/\/belysia.fr\/index.php\/panier\/\" \/>\n<meta property=\"og:locale\" content=\"en_US\" \/>\n<meta property=\"og:type\" content=\"article\" \/>\n<meta property=\"og:title\" content=\"Panier - Belysia Cr\u00e9ations\" \/>\n<meta property=\"og:url\" content=\"https:\/\/belysia.fr\/index.php\/panier\/\" \/>\n<meta property=\"og:site_name\" content=\"Belysia Cr\u00e9ations\" \/>\n<meta name=\"twitter:card\" content=\"summary_large_image\" \/>\n<script type=\"application\/ld+json\" class=\"yoast-schema-graph\">{\"@context\":\"https:\/\/schema.org\",\"@graph\":[{\"@type\":\"WebPage\",\"@id\":\"https:\/\/belysia.fr\/index.php\/panier\/\",\"url\":\"https:\/\/belysia.fr\/index.php\/panier\/\",\"name\":\"Panier - Belysia Cr\u00e9ations\",\"isPartOf\":{\"@id\":\"https:\/\/belysia.fr\/#website\"},\"datePublished\":\"2025-05-13T11:53:42+00:00\",\"breadcrumb\":{\"@id\":\"https:\/\/belysia.fr\/index.php\/panier\/#breadcrumb\"},\"inLanguage\":\"en-US\",\"potentialAction\":[{\"@type\":\"ReadAction\",\"target\":[\"https:\/\/belysia.fr\/index.php\/panier\/\"]}]},{\"@type\":\"BreadcrumbList\",\"@id\":\"https:\/\/belysia.fr\/index.php\/panier\/#breadcrumb\",\"itemListElement\":[{\"@type\":\"ListItem\",\"position\":1,\"name\":\"Accueil\",\"item\":\"https:\/\/belysia.fr\/\"},{\"@type\":\"ListItem\",\"position\":2,\"name\":\"Panier\"}]},{\"@type\":\"WebSite\",\"@id\":\"https:\/\/belysia.fr\/#website\",\"url\":\"https:\/\/belysia.fr\/\",\"name\":\"Belysia Cr\u00e9ations\",\"description\":\"L&#039;art de la r\u00e9sine, infus\u00e9 \u00e0 la main\",\"publisher\":{\"@id\":\"https:\/\/belysia.fr\/#organization\"},\"potentialAction\":[{\"@type\":\"SearchAction\",\"target\":{\"@type\":\"EntryPoint\",\"urlTemplate\":\"https:\/\/belysia.fr\/?s={search_term_string}\"},\"query-input\":{\"@type\":\"PropertyValueSpecification\",\"valueRequired\":true,\"valueName\":\"search_term_string\"}}],\"inLanguage\":\"en-US\"},{\"@type\":\"Organization\",\"@id\":\"https:\/\/belysia.fr\/#organization\",\"name\":\"Belysia Cr\u00e9ations\",\"url\":\"https:\/\/belysia.fr\/\",\"logo\":{\"@type\":\"ImageObject\",\"inLanguage\":\"en-US\",\"@id\":\"https:\/\/belysia.fr\/#\/schema\/logo\/image\/\",\"url\":\"https:\/\/belysia.fr\/wp-content\/uploads\/2025\/04\/cropped-logo-entier-.png\",\"contentUrl\":\"https:\/\/belysia.fr\/wp-content\/uploads\/2025\/04\/cropped-logo-entier-.png\",\"width\":232,\"height\":295,\"caption\":\"Belysia Cr\u00e9ations\"},\"image\":{\"@id\":\"https:\/\/belysia.fr\/#\/schema\/logo\/image\/\"}}]}<\/script>\n<!-- \/ Yoast SEO plugin. -->","yoast_head_json":{"title":"Panier - Belysia Cr\u00e9ations","robots":{"index":"index","follow":"follow","max-snippet":"max-snippet:-1","max-image-preview":"max-image-preview:large","max-video-preview":"max-video-preview:-1"},"canonical":"https:\/\/belysia.fr\/index.php\/panier\/","og_locale":"en_US","og_type":"article","og_title":"Panier - Belysia Cr\u00e9ations","og_url":"https:\/\/belysia.fr\/index.php\/panier\/","og_site_name":"Belysia Cr\u00e9ations","twitter_card":"summary_large_image","schema":{"@context":"https:\/\/schema.org","@graph":[{"@type":"WebPage","@id":"https:\/\/belysia.fr\/index.php\/panier\/","url":"https:\/\/belysia.fr\/index.php\/panier\/","name":"Panier - Belysia Cr\u00e9ations","isPartOf":{"@id":"https:\/\/belysia.fr\/#website"},"datePublished":"2025-05-13T11:53:42+00:00","breadcrumb":{"@id":"https:\/\/belysia.fr\/index.php\/panier\/#breadcrumb"},"inLanguage":"en-US","potentialAction":[{"@type":"ReadAction","target":["https:\/\/belysia.fr\/index.php\/panier\/"]}]},{"@type":"BreadcrumbList","@id":"https:\/\/belysia.fr\/index.php\/panier\/#breadcrumb","itemListElement":[{"@type":"ListItem","position":1,"name":"Accueil","item":"https:\/\/belysia.fr\/"},{"@type":"ListItem","position":2,"name":"Panier"}]},{"@type":"WebSite","@id":"https:\/\/belysia.fr\/#website","url":"https:\/\/belysia.fr\/","name":"Belysia Cr\u00e9ations","description":"L&#039;art de la r\u00e9sine, infus\u00e9 \u00e0 la main","publisher":{"@id":"https:\/\/belysia.fr\/#organization"},"potentialAction":[{"@type":"SearchAction","target":{"@type":"EntryPoint","urlTemplate":"https:\/\/belysia.fr\/?s={search_term_string}"},"query-input":{"@type":"PropertyValueSpecification","valueRequired":true,"valueName":"search_term_string"}}],"inLanguage":"en-US"},{"@type":"Organization","@id":"https:\/\/belysia.fr\/#organization","name":"Belysia Cr\u00e9ations","url":"https:\/\/belysia.fr\/","logo":{"@type":"ImageObject","inLanguage":"en-US","@id":"https:\/\/belysia.fr\/#\/schema\/logo\/image\/","url":"https:\/\/belysia.fr\/wp-content\/uploads\/2025\/04\/cropped-logo-entier-.png","contentUrl":"https:\/\/belysia.fr\/wp-content\/uploads\/2025\/04\/cropped-logo-entier-.png","width":232,"height":295,"caption":"Belysia Cr\u00e9ations"},"image":{"@id":"https:\/\/belysia.fr\/#\/schema\/logo\/image\/"}}]}},"_links":{"self":[{"href":"https:\/\/belysia.fr\/index.php\/wp-json\/wp\/v2\/pages\/422","targetHints":{"allow":["GET"]}}],"collection":[{"href":"https:\/\/belysia.fr\/index.php\/wp-json\/wp\/v2\/pages"}],"about":[{"href":"https:\/\/belysia.fr\/index.php\/wp-json\/wp\/v2\/types\/page"}],"author":[{"embeddable":true,"href":"https:\/\/belysia.fr\/index.php\/wp-json\/wp\/v2\/users\/1"}],"replies":[{"embeddable":true,"href":"https:\/\/belysia.fr\/index.php\/wp-json\/wp\/v2\/comments?post=422"}],"version-history":[{"count":0,"href":"https:\/\/belysia.fr\/index.php\/wp-json\/wp\/v2\/pages\/422\/revisions"}],"wp:attachment":[{"href":"https:\/\/belysia.fr\/index.php\/wp-json\/wp\/v2\/media?parent=422"}],"curies":[{"name":"wp","href":"https:\/\/api.w.org\/{rel}","templated":true}]}}